{"id":45,"date":"2021-09-09T19:07:21","date_gmt":"2021-09-09T10:07:21","guid":{"rendered":"https:\/\/asahi-furniture.com.vn\/wp\/?page_id=45"},"modified":"2021-09-20T12:22:41","modified_gmt":"2021-09-20T03:22:41","slug":"privacypolicy","status":"publish","type":"page","link":"https:\/\/asahi-furniture.com.vn\/vi\/contact\/privacypolicy\/","title":{"rendered":"Privacy policy"},"content":{"rendered":"<p><\/p>\n<div class=\"privacy_policy_boxmain\">\n<p>C\u00f4ng Ty TNHH A &amp; M Vi\u1ec7t Nam (Sau \u0111\u00e2y g\u1ecdi l\u00e0 &ldquo;C\u00f4ng ty ch\u00fang t\u00f4i&rdquo;) \u0111\u00e3 thi\u1ebft l\u1eadp &ldquo;Ch\u00ednh s\u00e1ch b\u1ea3o m\u1eadt&rdquo; nh\u01b0 sau v\u00e0 cam k\u1ebft trong t\u00e0i li\u1ec7u n\u00e0y r\u1eb1ng ch\u00fang t\u00f4i s\u1ebd c\u1ed1 g\u1eafng h\u1ebft s\u1ee9c \u0111\u1ec3 b\u1ea3o v\u1ec7 th\u00f4ng tin c\u00e1 nh\u00e2n do kh\u00e1ch h\u00e0ng cung c\u1ea5p.<\/p>\n<dl>\n<dt>V\u1ec1 th\u00f4ng tin c\u00e1 nh\u00e2n<\/dt>\n<dd>Th\u00f4ng tin c\u00e1 nh\u00e2n l\u00e0 th\u00f4ng tin li\u00ean quan \u0111\u1ebfn m\u1ed9t kh\u00e1ch h\u00e0ng c\u00e1 nh\u00e2n v\u00e0 \u0111\u1ec1 c\u1eadp \u0111\u1ebfn th\u00f4ng tin c\u00f3 th\u1ec3 x\u00e1c \u0111\u1ecbnh kh\u00e1ch h\u00e0ng b\u1eb1ng: t\u00ean, s\u1ed1 \u0111i\u1ec7n tho\u1ea1i, \u0111\u1ecba ch\u1ec9 e-mail, v.v&#8230; Th\u00f4ng tin c\u00e1 nh\u00e2n c\u0169ng bao g\u1ed3m th\u00f4ng tin c\u00f3 th\u1ec3 d\u1ec5 d\u00e0ng \u0111\u1ed1i chi\u1ebfu k\u1ebft qu\u1ea3 v\u00e0 x\u00e1c \u0111\u1ecbnh th\u00f4ng tin c\u00e1 nh\u00e2n c\u1ee7a b\u1ea1n. <\/dd>\n<\/dl>\n<dl>\n<dt>Thu th\u1eadp th\u00f4ng tin c\u00e1 nh\u00e2n<\/dt>\n<dd>\u0110\u1ec3 cung c\u1ea5p d\u1ecbch v\u1ee5 t\u1ed1t h\u01a1n cho kh\u00e1ch h\u00e0ng, ch\u00fang t\u00f4i c\u00f3 th\u1ec3 thu th\u1eadp th\u00f4ng tin c\u00e1 nh\u00e2n trong ph\u1ea1m vi c\u1ea7n thi\u1ebft \u0111\u1ec3 g\u1eedi e-mail, chia s\u1ebb t\u00e0i li\u1ec7u, b\u00e1n h\u00e0ng tr\u1ef1c tuy\u1ebfn, v.v. Khi thu th\u1eadp th\u00f4ng tin, ch\u00fang t\u00f4i s\u1ebd gi\u1edbi h\u1ea1n m\u1ee5c \u0111\u00edch. Ngo\u00e0i ra, ch\u00fang t\u00f4i s\u1ebd ph\u1ea3n h\u1ed3i b\u1eb1ng c\u00e1c bi\u1ec7n ph\u00e1p h\u1ee3p ph\u00e1p c\u00f4ng b\u1eb1ng khi thu th\u1eadp.<\/dd>\n<\/dl>\n<dl>\n<dt>M\u1ee5c \u0111\u00edch s\u1eed d\u1ee5ng th\u00f4ng tin c\u00e1 nh\u00e2n<\/dt>\n<dd>\n<p>Ch\u00fang t\u00f4i s\u1ebd s\u1eed d\u1ee5ng th\u00f4ng tin c\u00e1 nh\u00e2n thu th\u1eadp \u0111\u01b0\u1ee3c t\u1eeb kh\u00e1ch h\u00e0ng v\u00e0 th\u00f4ng tin li\u00ean quan \u0111\u1ebfn \u0111\u01a1n h\u00e0ng (bao g\u1ed3m c\u1ea3 th\u00f4ng tin li\u00ean quan \u0111\u1ebfn l\u1ecbch s\u1eed \u0111\u1eb7t h\u00e0ng c\u1ee7a kh\u00e1ch h\u00e0ng) cho c\u00e1c m\u1ee5c \u0111\u00edch c\u1ee5 th\u1ec3 trong t\u1eebng m\u1ee5c sau \u0111\u00e2y:<\/p>\n<ul class=\"list_number\">\n<li>\u2460 \u0110\u1ec3 v\u1eadn chuy\u1ec3n s\u1ea3n ph\u1ea9m \u0111\u00e3 \u0111\u1eb7t h\u00e0ng, l\u1eadp h\u00f3a \u0111\u01a1n mua h\u00e0ng v\u00e0 th\u1ef1c hi\u1ec7n c\u00e1c thao t\u00e1c li\u00ean quan kh\u00e1c (bao g\u1ed3m c\u1ea3 th\u00f4ng tin c\u1ea7n thi\u1ebft \u0111\u1ec3 v\u1eadn chuy\u1ec3n h\u00e0ng, nh\u00e0 s\u1ea3n xu\u1ea5t s\u1ea3n ph\u1ea9m v\u00e0 chuy\u1ec3n ph\u00e1t nhanh).<\/li>\n<li>\u2461 \u0110\u1ec3 li\u00ean h\u1ec7 v\u00e0 x\u00e1c nh\u1eadn n\u1ed9i dung \u0111\u01a1n \u0111\u1eb7t h\u00e0ng v\u00e0 ph\u01b0\u01a1ng th\u1ee9c giao h\u00e0ng c\u1ee7a b\u1ea1n.<\/li>\n<li>\u2462 \u0110\u1ec3 \u0111\u00e1p \u1ee9ng c\u00e1c y\u00eau c\u1ea7u v\u00e0 th\u1eafc m\u1eafc c\u1ee7a kh\u00e1ch h\u00e0ng.<\/li>\n<li>\u2463 \u0110\u1ec3 cung c\u1ea5p th\u00f4ng tin v\u1ec1 c\u00e1c s\u1ea3n ph\u1ea9m v\u00e0 c\u00e1c d\u1ecbch v\u1ee5 ch\u0103m s\u00f3c kh\u00e1ch h\u00e0ng c\u1ee7a C\u00f4ng ty ch\u00fang t\u00f4i v\u00e0 C\u00e1c c\u00f4ng ty th\u00e0nh vi\u00ean trong t\u1eadp \u0111o\u00e0n.<\/li>\n<li>\u2464 Y\u00eau c\u1ea7u kh\u00e1ch h\u00e0ng cung c\u1ea5p \u00fd ki\u1ebfn, nh\u1eadn x\u00e9t v\u00e0 c\u1ea3m nh\u1eadn c\u1ee7a h\u1ecd  v\u1ec1 s\u1ea3n ph\u1ea9m, d\u1ecbch v\u1ee5 c\u1ee7a c\u00f4ng ty ch\u00fang t\u00f4i v\u00e0 t\u1eadp \u0111o\u00e0n.<\/li>\n<li>\u2465 Ph\u1ee5c v\u1ee5 cho vi\u1ec7c ph\u00e2n t\u00edch v\u00e0 ki\u1ec3m tra \u0111\u1ec3 c\u1ea3i thi\u1ec7n d\u1ecbch v\u1ee5 c\u1ee7a ch\u00fang t\u00f4i.<\/li>\n<\/ul>\n<\/dd>\n<\/dl>\n<dl>\n<dt>Ti\u1ebft l\u1ed9 v\u00e0 chia s\u1ebb th\u00f4ng tin c\u00e1 nh\u00e2n c\u1ee7a kh\u00e1ch h\u00e0ng cho c\u00e1c b\u00ean th\u1ee9 ba<br \/> Tuy nhi\u00ean, \u0111i\u1ec1u n\u00e0y kh\u00f4ng \u00e1p d\u1ee5ng trong c\u00e1c tr\u01b0\u1eddng h\u1ee3p sau.<\/dt>\n<dd>\n<p>Ch\u00fang t\u00f4i s\u1ebd kh\u00f4ng cung c\u1ea5p ho\u1eb7c ti\u1ebft l\u1ed9 b\u1ea5t k\u1ef3 th\u00f4ng tin c\u00e1 nh\u00e2n n\u00e0o cho b\u00ean th\u1ee9 ba m\u00e0 kh\u00f4ng \u0111\u01b0\u1ee3c s\u1ef1 cho ph\u00e9p c\u1ee7a ng\u01b0\u1eddi \u0111\u00f3.<\/p>\n<ul class=\"list_number\">\n<li>\u2460 Khi c\u00f3 s\u1ef1 \u0111\u1ed3ng \u00fd c\u1ee7a ng\u01b0\u1eddi cung c\u1ea5p th\u00f4ng tin.<\/li>\n<li>\u2461 Khi c\u00f3 v\u0103n v\u1ea3n y\u00eau c\u1ea7u b\u1edfi m\u1ed9t t\u1ed5 ch\u1ee9c c\u00f4ng nh\u01b0 c\u01a1 quan ch\u00ednh ph\u1ee7 d\u1ef1a tr\u00ean lu\u1eadt ph\u00e1p v\u00e0 quy \u0111\u1ecbnh.<\/li>\n<li>\u2462 Khi ti\u1ebft l\u1ed9 th\u00f4ng tin c\u00e1 nh\u00e2n cho c\u00e1c \u0111\u1ed1i t\u00e1c kinh doanh li\u00ean quan \u0111\u1ebfn ho\u1ea1t \u0111\u1ed9ng c\u1ee7a trang n\u00e0y. Tuy nhi\u00ean, trong tr\u01b0\u1eddng h\u1ee3p n\u00e0y, th\u00f4ng tin \u0111\u01b0\u1ee3c ti\u1ebft l\u1ed9 b\u1ecb gi\u1edbi h\u1ea1n trong ph\u1ea1m vi c\u1ea7n thi\u1ebft v\u00e0 vi\u1ec7c qu\u1ea3n l\u00fd \u0111\u1ecba \u0111i\u1ec3m ti\u1ebft l\u1ed9 l\u00e0 b\u1eaft bu\u1ed9c.<\/li>\n<\/ul>\n<\/dd>\n<\/dl>\n<dl>\n<dt>S\u1eed d\u1ee5ng chung v\u1edbi c\u00e1c c\u00f4ng ty trong t\u1eadp \u0111o\u00e0n<\/dt>\n<dd>Ch\u00fang t\u00f4i c\u00f3 th\u1ec3 chia s\u1ebb th\u00f4ng tin c\u00e1 nh\u00e2n c\u1ee7a b\u1ea1n v\u1edbi c\u00e1c c\u00f4ng ty th\u00e0nh vi\u00ean. C\u00e1c c\u00f4ng ty thu\u1ed9c t\u1eadp \u0111o\u00e0n s\u1ebd ch\u1ec9 s\u1eed d\u1ee5ng nh\u1eefng th\u00f4ng tin \u0111\u00f3 theo ch\u00ednh s\u00e1ch b\u1ea3o m\u1eadt n\u00e0y.<\/dd>\n<\/dl>\n<dl>\n<dt>Qu\u1ea3n l\u00fd th\u00f4ng tin c\u00e1 nh\u00e2n<\/dt>\n<dd>Th\u00f4ng tin c\u00e1 nh\u00e2n thu th\u1eadp \u0111\u01b0\u1ee3c t\u1eeb kh\u00e1ch h\u00e0ng s\u1ebd \u0111\u01b0\u1ee3c qu\u1ea3n l\u00fd ch\u1eb7t ch\u1ebd v\u00e0 c\u00e1c bi\u1ec7n ph\u00e1p th\u00edch h\u1ee3p c\u0169ng s\u1ebd \u0111\u01b0\u1ee3c th\u1ef1c hi\u1ec7n \u0111\u1ec3 ng\u0103n ch\u1eb7n r\u00f2 r\u1ec9, chuy\u1ec3n h\u01b0\u1edbng, l\u00e0m sai l\u1ec7ch, v.v. Ngo\u00e0i ra, khi th\u00f4ng tin c\u00e1 nh\u00e2n \u0111\u01b0\u1ee3c cung c\u1ea5p cho kh\u00e1ch h\u00e0ng, ch\u00fang t\u00f4i c\u1ed1 g\u1eafng b\u1ea3o m\u1eadt th\u00f4ng tin n\u1ed9i b\u1ed9 v\u00e0 t\u0103ng c\u01b0\u1eddng b\u1ea3o hi\u1ec3m phi nh\u00e2n th\u1ecd li\u00ean quan \u0111\u1ebfn th\u00f4ng tin \u0111\u00f3 \u0111\u1ec3 chu\u1ea9n b\u1ecb cho s\u1ef1 truy c\u1eadp tr\u00e1i ph\u00e9p c\u1ee7a b\u00ean th\u1ee9 ba.<\/dd>\n<\/dl>\n<dl>\n<dt>Thay \u0111\u1ed5i ch\u00ednh s\u00e1ch quy\u1ec1n ri\u00eang t\u01b0<\/dt>\n<dd>C\u00f4ng ty c\u00f3 th\u1ec3 thay \u0111\u1ed5i n\u1ed9i dung c\u1ee7a ch\u00ednh s\u00e1ch b\u1ea3o m\u1eadt m\u00e0 kh\u00f4ng c\u1ea7n th\u00f4ng b\u00e1o tr\u01b0\u1edbc do nhu c\u1ea7u kinh doanh c\u1ee7a C\u00f4ng ty, vi\u1ec7c x\u00e2y d\u1ef1ng lu\u1eadt m\u1edbi, s\u1eeda \u0111\u1ed5i lu\u1eadt hi\u1ec7n h\u00e0nh v\u00e0 c\u00e1c tr\u01b0\u1eddng h\u1ee3p kh\u00e1c.<\/dd>\n<\/dl>\n<dl>\n<dt>Qu\u1ea3n l\u00fd th\u00f4ng tin c\u00e1 nh\u00e2n v\u00e0 ti\u1ebft l\u1ed9 \/ s\u1eeda \/ x\u00f3a<\/dt>\n<dd>N\u1ebfu b\u1ea1n mu\u1ed1n ti\u1ebft l\u1ed9, s\u1eeda ch\u1eefa ho\u1eb7c x\u00f3a th\u00f4ng tin c\u00e1 nh\u00e2n c\u1ee7a m\u00ecnh, vui l\u00f2ng li\u00ean h\u1ec7 v\u1edbi ch\u00fang t\u00f4i theo &#8220;Th\u00f4ng tin li\u00ean h\u1ec7&#8221; b\u00ean d\u01b0\u1edbi. Trong tr\u01b0\u1eddng h\u1ee3p \u0111\u00f3, xin l\u01b0u \u00fd r\u1eb1ng ch\u00fang t\u00f4i s\u1ebd x\u00e1c nh\u1eadn danh t\u00ednh c\u1ee7a ng\u01b0\u1eddi \u0111\u00f3.<\/dd>\n<\/dl>\n<\/div>\n<dl class=\"privacy_policy_frame frame01\">\n<dt>Th\u00f4ng tin li\u00ean h\u1ec7:<\/dt>\n<dd>Ch\u00fang t\u00f4i ti\u1ebfp nh\u1eadn c\u00e1c th\u1eafc m\u1eafc v\u1ec1 th\u00f4ng tin c\u00e1 nh\u00e2n c\u1ee7a kh\u00e1ch h\u00e0ng cung c\u1ea5p t\u1ea1i c\u00e1c \u0111\u1ecba ch\u1ec9 sau:<br \/><strong>C\u00f4ng Ty TNHH A &amp; M Vi\u1ec7t Nam.<\/strong>\u3000<br class=\"box_sp\">\u0110T\uff1a+ (84)274-376-8050.<br \/>\u0110\u1ecba ch\u1ec9: : \u0110\u01b0\u1eddng s\u1ed1 5, KCN \u0110\u1ed3ng An, Ph\u01b0\u1eddng B\u00ecnh H\u00f2a, Th\u00e0nh Ph\u1ed1 Thu\u1eadn An, T\u1ec9nh B\u00ecnh D\u01b0\u01a1ng.<\/dd>\n<\/dl>\n<p class=\"idxbtn02\"><a href=\"https:\/\/asahi-furniture.com.vn\/vi\/\">Quay l\u1ea1i trang ch\u1ee7<\/a><\/p>\n<p><\/p>","protected":false},"excerpt":{"rendered":"<p>C\u00f4ng Ty TNHH A &amp; M Vi\u1ec7t Nam (Sau \u0111\u00e2y g\u1ecdi l\u00e0 &ldquo;C\u00f4ng ty ch\u00fang t\u00f4i&rdquo;) \u0111\u00e3 thi\u1ebft l\u1eadp &ldquo;Ch\u00ednh s\u00e1ch b\u1ea3o m\u1eadt&rdquo; nh\u01b0 sau v\u00e0 cam k\u1ebft trong t\u00e0i li\u1ec7u n\u00e0y r\u1eb1ng ch\u00fang t\u00f4i s\u1ebd c\u1ed1 g\u1eafng h\u1ebft s\u1ee9c \u0111\u1ec3 b\u1ea3o v\u1ec7 th\u00f4ng tin c\u00e1 nh\u00e2n do kh\u00e1ch h\u00e0ng cung c\u1ea5p. V\u1ec1 th\u00f4ng tin [&hellip;]<\/p>\n","protected":false},"author":1,"featured_media":0,"parent":32,"menu_order":0,"comment_status":"closed","ping_status":"closed","template":"","meta":{"footnotes":""},"class_list":["post-45","page","type-page","status-publish","hentry"],"_links":{"self":[{"href":"https:\/\/asahi-furniture.com.vn\/vi\/wp-json\/wp\/v2\/pages\/45","targetHints":{"allow":["GET"]}}],"collection":[{"href":"https:\/\/asahi-furniture.com.vn\/vi\/wp-json\/wp\/v2\/pages"}],"about":[{"href":"https:\/\/asahi-furniture.com.vn\/vi\/wp-json\/wp\/v2\/types\/page"}],"author":[{"embeddable":true,"href":"https:\/\/asahi-furniture.com.vn\/vi\/wp-json\/wp\/v2\/users\/1"}],"replies":[{"embeddable":true,"href":"https:\/\/asahi-furniture.com.vn\/vi\/wp-json\/wp\/v2\/comments?post=45"}],"version-history":[{"count":14,"href":"https:\/\/asahi-furniture.com.vn\/vi\/wp-json\/wp\/v2\/pages\/45\/revisions"}],"predecessor-version":[{"id":214,"href":"https:\/\/asahi-furniture.com.vn\/vi\/wp-json\/wp\/v2\/pages\/45\/revisions\/214"}],"up":[{"embeddable":true,"href":"https:\/\/asahi-furniture.com.vn\/vi\/wp-json\/wp\/v2\/pages\/32"}],"wp:attachment":[{"href":"https:\/\/asahi-furniture.com.vn\/vi\/wp-json\/wp\/v2\/media?parent=45"}],"curies":[{"name":"wp","href":"https:\/\/api.w.org\/{rel}","templated":true}]}}