{"id":32,"date":"2021-09-09T17:20:37","date_gmt":"2021-09-09T08:20:37","guid":{"rendered":"https:\/\/asahi-furniture.com.vn\/wp\/?page_id=32"},"modified":"2021-09-20T11:34:51","modified_gmt":"2021-09-20T02:34:51","slug":"contact","status":"publish","type":"page","link":"https:\/\/asahi-furniture.com.vn\/vi\/contact\/","title":{"rendered":"Contact"},"content":{"rendered":"<p><\/p>\n<div class=\"contact_boxmain\">\n<ul class=\"step_list\">\n<li class=\"active\"><span>01<\/span>\u0110i\u1ec1n bi\u1ec3u m\u1eabu<\/li>\n<li><span>02<\/span>X\u00e1c nh\u1eadn<\/li>\n<li><span>03<\/span>G\u1eedi<\/li>\n<\/ul>\n<div class=\"frame01\">\n<p class=\"contact_ttl01\">N\u1ebfu b\u1ea1n c\u00f3 b\u1ea5t k\u1ef3 c\u00e2u h\u1ecfi ho\u1eb7c th\u1eafc m\u1eafc n\u00e0o, xin vui l\u00f2ng \u0111i\u1ec1n v\u00e0o bi\u1ec3u m\u1eabu b\u00ean d\u01b0\u1edbi.<\/p>\n<p class=\"contact_note\">(\u203b)b\u1eaft bu\u1ed9c nh\u1eadp<\/p>\n<div class=\"wpcf7 no-js\" id=\"wpcf7-f176-o3\" lang=\"en-US\" dir=\"ltr\">\n<div class=\"screen-reader-response\"><p role=\"status\" aria-live=\"polite\" aria-atomic=\"true\"><\/p> <ul><\/ul><\/div>\n<form action=\"\/vi\/wp-json\/wp\/v2\/pages\/32#wpcf7-f176-o3\" method=\"post\" class=\"wpcf7-form init\" aria-label=\"Contact form\" novalidate=\"novalidate\" data-status=\"init\">\n<div style=\"display: none;\">\n<input type=\"hidden\" name=\"_wpcf7\" value=\"176\" \/>\n<input type=\"hidden\" name=\"_wpcf7_version\" value=\"5.7.1\" \/>\n<input type=\"hidden\" name=\"_wpcf7_locale\" value=\"en_US\" \/>\n<input type=\"hidden\" name=\"_wpcf7_unit_tag\" value=\"wpcf7-f176-o3\" \/>\n<input type=\"hidden\" name=\"_wpcf7_container_post\" value=\"0\" \/>\n<input type=\"hidden\" name=\"_wpcf7_posted_data_hash\" value=\"\" \/>\n<\/div>\n<div class=\"contact_list\">\n\t<dl>\n\t\t<dt>\n\t\t\t<p>T\u00ean h\u1ecd<span class=\"must\">\u203b<\/span>\n\t\t\t<\/p>\n\t\t<\/dt>\n\t\t<dd>\n\t\t\t<p><span class=\"wpcf7-form-control-wrap\" data-name=\"your-name\"><input size=\"40\" class=\"wpcf7-form-control wpcf7-text wpcf7-validates-as-required contact_txt01\" aria-required=\"true\" aria-invalid=\"false\" value=\"\" type=\"text\" name=\"your-name\" \/><\/span>\n\t\t\t<\/p>\n\t\t<\/dd>\n\t<\/dl>\n\t<dl>\n\t\t<dt>\n\t\t\t<p>T\u00ean c\u00f4ng ty\n\t\t\t<\/p>\n\t\t<\/dt>\n\t\t<dd>\n\t\t\t<p><span class=\"wpcf7-form-control-wrap\" data-name=\"your-company\"><input size=\"40\" class=\"wpcf7-form-control wpcf7-text contact_txt01\" aria-invalid=\"false\" value=\"\" type=\"text\" name=\"your-company\" \/><\/span>\n\t\t\t<\/p>\n\t\t<\/dd>\n\t<\/dl>\n\t<dl>\n\t\t<dt>\n\t\t\t<p>E-mail<span class=\"must\">\u203b<\/span>\n\t\t\t<\/p>\n\t\t<\/dt>\n\t\t<dd>\n\t\t\t<p><span class=\"wpcf7-form-control-wrap\" data-name=\"your-email\"><input size=\"40\" class=\"wpcf7-form-control wpcf7-text wpcf7-email wpcf7-validates-as-required wpcf7-validates-as-email contact_txt01\" aria-required=\"true\" aria-invalid=\"false\" value=\"\" type=\"email\" name=\"your-email\" \/><\/span>\n\t\t\t<\/p>\n\t\t<\/dd>\n\t<\/dl>\n\t<dl>\n\t\t<dt>\n\t\t\t<p>S\u1ed1 \u0111i\u1ec7n tho\u1ea1i\n\t\t\t<\/p>\n\t\t<\/dt>\n\t\t<dd>\n\t\t\t<p><span class=\"wpcf7-form-control-wrap\" data-name=\"your-tel\"><input size=\"40\" class=\"wpcf7-form-control wpcf7-text wpcf7-tel wpcf7-validates-as-tel contact_txt01\" aria-invalid=\"false\" value=\"\" type=\"tel\" name=\"your-tel\" \/><\/span>\n\t\t\t<\/p>\n\t\t<\/dd>\n\t<\/dl>\n\t<dl>\n\t\t<dt>\n\t\t\t<p>N\u1ed9i dung li\u00ean l\u1ea1c<span class=\"must\">\u203b<\/span>\n\t\t\t<\/p>\n\t\t<\/dt>\n\t\t<dd>\n\t\t\t<p><span class=\"wpcf7-form-control-wrap\" data-name=\"user-inquiry\"><textarea cols=\"40\" rows=\"10\" class=\"wpcf7-form-control wpcf7-textarea wpcf7-validates-as-required contact_txt02\" aria-required=\"true\" aria-invalid=\"false\" name=\"user-inquiry\"><\/textarea><\/span>\n\t\t\t<\/p>\n\t\t<\/dd>\n\t<\/dl>\n<\/div>\n<p class=\"privacy_txt\"><span class=\"wpcf7-form-control-wrap\" data-name=\"checkboxlink\"><span class=\"wpcf7-form-control wpcf7-checkbox wpcf7-validates-as-required\"><span class=\"wpcf7-list-item first last\"><label><input type=\"checkbox\" name=\"checkboxlink[]\" value=\"privacypolicy\" tabindex=\"\" \/><span class=\"wpcf7-list-item-label\">privacypolicy<\/span><\/label><\/span><\/span><\/span>T\u00f4i \u0111\u00e3 \u0111\u1ecdc v\u00e0 ch\u1eadp nh\u1eadn <br class=\"box_sp490\" \/><a href=\".\/privacypolicy\/\">ch\u00ednh s\u00e1ch b\u1ea3o m\u1eadt<\/a>\n<\/p>\n<p class=\"contact_btn\"><input class=\"wpcf7-form-control has-spinner wpcf7-submit\" type=\"submit\" value=\"X\u00e1c Nh\u1eadn\" \/>\n<\/p>\n\n<!-- CF7MSM -->\n<div style='display:none;'><input type=\"hidden\" name=\"_cf7msm_multistep_tag\" class=\"wpcf7-form-control cf7msm-multistep wpcf7-multistep\" value=\"{&quot;first_step&quot;:1,&quot;next_url&quot;:&quot;https:\/\/asahi-furniture.com.vn\/vi\/contact\/confirm\/&quot;}\" \/><input type=\"hidden\" name=\"cf7msm-no-ss\" value=\"\" \/>\n<\/div>\n<!-- End CF7MSM -->\n<div class=\"wpcf7-response-output\" aria-hidden=\"true\"><\/div><\/form><\/div><\/div>\n<\/div>\n<p><\/p>","protected":false},"excerpt":{"rendered":"<p>01\u0110i\u1ec1n bi\u1ec3u m\u1eabu 02X\u00e1c nh\u1eadn 03G\u1eedi N\u1ebfu b\u1ea1n c\u00f3 b\u1ea5t k\u1ef3 c\u00e2u h\u1ecfi ho\u1eb7c th\u1eafc m\u1eafc n\u00e0o, xin vui l\u00f2ng \u0111i\u1ec1n v\u00e0o bi\u1ec3u m\u1eabu b\u00ean d\u01b0\u1edbi. (\u203b)b\u1eaft bu\u1ed9c nh\u1eadp<\/p>\n","protected":false},"author":1,"featured_media":0,"parent":0,"menu_order":0,"comment_status":"closed","ping_status":"closed","template":"","meta":{"footnotes":""},"class_list":["post-32","page","type-page","status-publish","hentry"],"_links":{"self":[{"href":"https:\/\/asahi-furniture.com.vn\/vi\/wp-json\/wp\/v2\/pages\/32","targetHints":{"allow":["GET"]}}],"collection":[{"href":"https:\/\/asahi-furniture.com.vn\/vi\/wp-json\/wp\/v2\/pages"}],"about":[{"href":"https:\/\/asahi-furniture.com.vn\/vi\/wp-json\/wp\/v2\/types\/page"}],"author":[{"embeddable":true,"href":"https:\/\/asahi-furniture.com.vn\/vi\/wp-json\/wp\/v2\/users\/1"}],"replies":[{"embeddable":true,"href":"https:\/\/asahi-furniture.com.vn\/vi\/wp-json\/wp\/v2\/comments?post=32"}],"version-history":[{"count":17,"href":"https:\/\/asahi-furniture.com.vn\/vi\/wp-json\/wp\/v2\/pages\/32\/revisions"}],"predecessor-version":[{"id":204,"href":"https:\/\/asahi-furniture.com.vn\/vi\/wp-json\/wp\/v2\/pages\/32\/revisions\/204"}],"wp:attachment":[{"href":"https:\/\/asahi-furniture.com.vn\/vi\/wp-json\/wp\/v2\/media?parent=32"}],"curies":[{"name":"wp","href":"https:\/\/api.w.org\/{rel}","templated":true}]}}