{"id":22,"date":"2021-09-08T21:57:56","date_gmt":"2021-09-08T12:57:56","guid":{"rendered":"https:\/\/asahi-furniture.com.vn\/wp\/?page_id=22"},"modified":"2025-07-17T16:10:37","modified_gmt":"2025-07-17T09:10:37","slug":"showroom","status":"publish","type":"page","link":"https:\/\/asahi-furniture.com.vn\/vi\/showroom\/","title":{"rendered":"SHOWROOM"},"content":{"rendered":"<p><\/p>\n<h2>Showroom N\u1ed9i th\u1ea5t ASAHI t\u1ea1i Nh\u00e0 m\u00e1y<\/h2>\n<div class=\"showroom_full \">\n<p><img decoding=\"async\" src=\"https:\/\/asahi-furniture.com.vn\/wp-content\/themes\/AM_Sofa\/images\/showroom_img02.jpg\" alt=\" Showroom N\u1ed9i th\u1ea5t ASAHI t\u1ea1i Nh\u00e0 m\u00e1y \" \/><\/p>\n<p class=\"showroom_map\"><iframe loading=\"lazy\" class=\"\" style=\"border: 0;\" src=\"https:\/\/www.google.com\/maps\/embed?pb=!1m18!1m12!1m3!1d3917.8606592798697!2d106.72061781480184!3d10.898192592238912!2m3!1f0!2f0!3f0!3m2!1i1024!2i768!4f13.1!3m3!1m2!1s0x3174d7664c774b73%3A0x3a2c9eb8ca2afaf7!2sA%26M%20Industry%20Vietnam%20Co.%2C%20Ltd.!5e0!3m2!1sja!2s!4v1618800777432!5m2!1sja!2s\" width=\"100%\" height=\"100%\" allowfullscreen=\"allowfullscreen\" data-src=\"https:\/\/www.google.com\/maps\/embed?pb=!1m18!1m12!1m3!1d3917.8606592798697!2d106.72061781480184!3d10.898192592238912!2m3!1f0!2f0!3f0!3m2!1i1024!2i768!4f13.1!3m3!1m2!1s0x3174d7664c774b73%3A0x3a2c9eb8ca2afaf7!2sA%26M%20Industry%20Vietnam%20Co.%2C%20Ltd.!5e0!3m2!1sja!2s!4v1618800777432!5m2!1sja!2s\"><\/iframe><\/p>\n<\/div>\n<div class=\"showroom_frame01\">\n<div class=\"showroom_info showroom_info_full\">\n<p class=\"showroom_ttl01\">Tham quan showroom N\u1ed9i th\u1ea5t ASAHI t\u1ea1i Nh\u00e0 m\u00e1y:<\/p>\n<p class=\"showroom_txt02\">Qu\u00fd kh\u00e1ch c\u00f3 th\u1ec3 tr\u1ea3i nghi\u1ec7m c\u00e1c s\u1ea3n ph\u1ea9m n\u1ed9i th\u1ea5t do ASAHI Group s\u1ea3n xu\u1ea5t, \u0111\u01b0\u1ee3c tr\u01b0ng b\u00e0y t\u1ea1i Showroom c\u1ee7a Nh\u00e0 m\u00e1y<\/p>\n<\/div>\n<div class=\"showroom_info\">\n<div class=\"showroom_detail\">\n<dl>\n<dt>\u0110\u1ecba ch\u1ec9<\/dt>\n<dd>\u0110\u01b0\u1eddng s\u1ed1 5, KCN \u0110\u1ed3ng An, Ph\u01b0\u1eddng B\u00ecnh H\u00f2a, <br class=\"box_pc\" \/>TP.H\u1ed3 Ch\u00ed Minh, Vi\u1ec7t Nam.<\/dd>\n<\/dl>\n<dl>\n<dt>\u0110i\u1ec7n tho\u1ea1i<\/dt>\n<dd>(\uff0b84)274-376-8050<\/dd>\n<\/dl>\n<dl>\n<dt>Email<\/dt>\n<dd>sales@amindustry.com.vn<\/dd>\n<\/dl>\n<\/div>\n<div class=\"showroom_detail\">\n<dl>\n<dt>Fax<\/dt>\n<dd>(\uff0b84)274-376-8051<\/dd>\n<\/dl>\n<dl>\n<dt>Th\u1eddi gian ho\u1ea1t \u0111\u1ed9ng<\/dt>\n<dd>Th\u1ee9 2 &#8211; Th\u1ee9 7: 7:30 AM &#8211; 4:30 PM.<\/dd>\n<\/dl>\n<\/div>\n<\/div>\n<\/div>\n<\/div>\n<\/div>\n<p><\/p>","protected":false},"excerpt":{"rendered":"<p>Showroom N\u1ed9i th\u1ea5t ASAHI t\u1ea1i Nh\u00e0 m\u00e1y Tham quan showroom N\u1ed9i th\u1ea5t ASAHI t\u1ea1i Nh\u00e0 m\u00e1y: Qu\u00fd kh\u00e1ch c\u00f3 th\u1ec3 tr\u1ea3i nghi\u1ec7m c\u00e1c s\u1ea3n ph\u1ea9m n\u1ed9i th\u1ea5t do ASAHI Group s\u1ea3n xu\u1ea5t, \u0111\u01b0\u1ee3c tr\u01b0ng b\u00e0y t\u1ea1i Showroom c\u1ee7a Nh\u00e0 m\u00e1y \u0110\u1ecba ch\u1ec9 \u0110\u01b0\u1eddng s\u1ed1 5, KCN \u0110\u1ed3ng An, Ph\u01b0\u1eddng B\u00ecnh H\u00f2a, TP.H\u1ed3 Ch\u00ed Minh, Vi\u1ec7t [&hellip;]<\/p>\n","protected":false},"author":1,"featured_media":0,"parent":0,"menu_order":0,"comment_status":"closed","ping_status":"closed","template":"","meta":{"footnotes":""},"class_list":["post-22","page","type-page","status-publish","hentry"],"_links":{"self":[{"href":"https:\/\/asahi-furniture.com.vn\/vi\/wp-json\/wp\/v2\/pages\/22","targetHints":{"allow":["GET"]}}],"collection":[{"href":"https:\/\/asahi-furniture.com.vn\/vi\/wp-json\/wp\/v2\/pages"}],"about":[{"href":"https:\/\/asahi-furniture.com.vn\/vi\/wp-json\/wp\/v2\/types\/page"}],"author":[{"embeddable":true,"href":"https:\/\/asahi-furniture.com.vn\/vi\/wp-json\/wp\/v2\/users\/1"}],"replies":[{"embeddable":true,"href":"https:\/\/asahi-furniture.com.vn\/vi\/wp-json\/wp\/v2\/comments?post=22"}],"version-history":[{"count":36,"href":"https:\/\/asahi-furniture.com.vn\/vi\/wp-json\/wp\/v2\/pages\/22\/revisions"}],"predecessor-version":[{"id":590,"href":"https:\/\/asahi-furniture.com.vn\/vi\/wp-json\/wp\/v2\/pages\/22\/revisions\/590"}],"wp:attachment":[{"href":"https:\/\/asahi-furniture.com.vn\/vi\/wp-json\/wp\/v2\/media?parent=22"}],"curies":[{"name":"wp","href":"https:\/\/api.w.org\/{rel}","templated":true}]}}