{"id":20,"date":"2021-09-08T21:46:50","date_gmt":"2021-09-08T12:46:50","guid":{"rendered":"https:\/\/asahi-furniture.com.vn\/wp\/?page_id=20"},"modified":"2024-12-23T16:00:43","modified_gmt":"2024-12-23T09:00:43","slug":"product","status":"publish","type":"page","link":"https:\/\/asahi-furniture.com.vn\/vi\/product\/","title":{"rendered":"PRODUCT"},"content":{"rendered":"<p><\/p>\n<h2>Th\u01b0\u01a1ng hi\u1ec7u c\u1ee7a <span class=\"txten\">ASAHI <span class=\"txtitalic\">furniture<\/span><\/span><\/h2>\n<div class=\"section clearfix\">\n<ul class=\"anchor_link\">\n<li><a href=\"#bridge\">BRIDGE<\/a><\/li>\n<li><a href=\"#elegance\">ELEGANCE<\/a><\/li>\n<li><a href=\"#dura\">dura<\/a><\/li>\n<li><a href=\"#limited_dura\">Limited dura<\/a><\/li>\n<li><a href=\"#crossover\">Crossover<\/a><\/li>\n<li><a href=\"#ona\">ONA<\/a><\/li>\n<\/ul>\n<\/div>\n<div class=\"product_boxmain\">\n<div id=\"bridge\" class=\"product_box\">\n<h2>BRIDGE<\/h2>\n<div class=\"product_frame01\">\n<p class=\"product_ttl01\">V\u1ebb \u0111\u1eb9p l\u1ed9ng l\u1eaby c\u1ee7a BRIDGE, k\u1ebf th\u1eeba tinh th\u1ea7n c\u1ee7a thi\u1ebft k\u1ebf Scandinavian;<br \/>\nv\u1edbi thi\u1ebft k\u1ebf \u0111\u01a1n gi\u1ea3n v\u00e0 ti\u1ec7n d\u1ee5ng \u0111\u00e3 mang l\u1ea1i v\u1ebb \u0111\u1eb9p \u0111\u1eb7c tr\u01b0ng c\u1ee7a BRIDGE.<br \/>\nS\u1ef1 k\u1ebft h\u1ee3p gi\u1eefa t\u1ef1 nhi\u00ean v\u00e0 hi\u1ec7n \u0111\u1ea1i t\u1ea1o n\u00ean v\u1ebb \u0111\u1eb9p phong ph\u00fa h\u01a1n cho cu\u1ed9c s\u1ed1ng c\u1ee7a b\u1ea1n.<\/p>\n<\/div>\n<div class=\"product_list\">\n<dl class=\"product_left\">\n<dt>\u201cBRIDGE\u201d l\u00e0 d\u00f2ng s\u1ea3n ph\u1ea9m n\u1ed9i th\u1ea5t <br class=\"box_pc\" \/>ra \u0111\u1eddi t\u1eeb t\u00ecnh y\u00eau v\u1edbi g\u1ed7.<\/dt>\n<dd>\n<p class=\"product_img\"><img decoding=\"async\" src=\"https:\/\/asahi-furniture.com.vn\/wp-content\/themes\/AM_Sofa\/images\/product_img_01.jpg\" alt=\"\u201cBRIDGE\u201d l\u00e0 d\u00f2ng s\u1ea3n ph\u1ea9m n\u1ed9i th\u1ea5t ra \u0111\u1eddi t\u1eeb t\u00ecnh y\u00eau v\u1edbi g\u1ed7.\" \/><\/p>\n<ul class=\"list_btn\">\n<li class=\"btn_down\"><a href=\"https:\/\/asahi-furniture.com.vn\/wp-content\/themes\/AM_Sofa\/pdf\/BRIDGE_Catalogue.pdf\" target=\"_blank\" rel=\"noopener\">T\u1ea3i xu\u1ed1ng Catalog<\/a><\/li>\n<li class=\"btn_youtube\"><a class=\"button-link\" tabindex=\"-1\" href=\"https:\/\/www.youtube.com\/watch?v=12CFWO63C1c\" data-lity=\"\">Xem video gi\u1edbi thi\u1ec7u<\/a><\/li>\n<li class=\"btn_contact\"><a href=\"https:\/\/asahi-furniture.com.vn\/vi\/contact\/\">Li\u00ean h\u1ec7<\/a><\/li>\n<\/ul>\n<\/dd>\n<\/dl>\n<div class=\"product_right\">\n<p class=\"product_right_ttl\">Nh\u00e0 Xinh \u2013 <br class=\"box_pc768\" \/>AKA Furniture Group<\/p>\n<div class=\"product_parent\">\n<div class=\"product_detail\">\n<p class=\"\">SHOWROOM 1<\/p>\n<div class=\"product_info\">\n<dl class=\"product_address\">\n<dt>Showroom address<\/dt>\n<dd>187A Hai B\u00e0 Tr\u01b0ng, P.6, Q.3, TP. HCM ( 1.000m<sup>2<\/sup>).<br \/>\n| Gi\u1edd m\u1edf c\u1eeda: 8h30 \u2013 21h (C\u1ea3 tu\u1ea7n)<\/dd>\n<\/dl>\n<dl class=\"product_url\">\n<dt>Website<\/dt>\n<dd><a href=\"http:\/\/www.nhaxinh.com\/\" target=\"_blank\" rel=\"noopener\">www.nhaxinh.com <\/a><\/dd>\n<\/dl>\n<\/div>\n<\/div>\n<div class=\"product_detail\">\n<p class=\"\">SHOWROOM 2<\/p>\n<div class=\"product_info\">\n<dl class=\"product_address\">\n<dt>Showroom address<\/dt>\n<dd>Ph\u00fa M\u1ef9 H\u01b0ng , 111 T\u00f4n D\u1eadt Ti\u00ean ( C\u1eaft \u0111\u01b0\u1eddng Ph\u1ea1m Thi\u1ec1u), Q.7(3000m<sup>2<\/sup>)<br \/>\n|Gi\u1edd m\u1edf c\u1eeda: 8h30 &#8211; 20h30 (T\u1eeb th\u1ee9 2 \u0111\u1ebfn th\u1ee9 6) | 8h30 &#8211; 21h00 (Th\u1ee9 7 &amp; CN)<\/dd>\n<\/dl>\n<dl class=\"product_url\">\n<dt>Website<\/dt>\n<dd><a href=\"http:\/\/www.nhaxinh.com\/\" target=\"_blank\" rel=\"noopener\">www.nhaxinh.com <\/a><\/dd>\n<\/dl>\n<\/div>\n<\/div>\n<div class=\"product_detail\">\n<p class=\"\">SHOWROOM 3<\/p>\n<div class=\"product_info\">\n<dl class=\"product_address\">\n<dt>Showroom address<\/dt>\n<dd>T\u1ea7ng 3, TTTM Sun Plaza &#8211; 69 Thu\u1ef5 Khu\u00ea, T\u00e2y H\u1ed3, H\u00e0 N\u1ed9i (12 Ho\u00e0ng Hoa Th\u00e1m). Di\u1ec7n t\u00edch: (3000m<sup>2<\/sup>).<br \/>\n| Gi\u1edd m\u1edf c\u1eeda: 9h00 &#8211; 20h00 (C\u1ea3 tu\u1ea7n)<\/dd>\n<\/dl>\n<dl class=\"product_url\">\n<dt>Website<\/dt>\n<dd><a href=\"http:\/\/www.nhaxinh.com\/\" target=\"_blank\" rel=\"noopener\">www.nhaxinh.com <\/a><\/dd>\n<\/dl>\n<\/div>\n<\/div>\n<\/div>\n<\/div>\n<\/div>\n<\/div>\n<div id=\"elegance\" class=\"product_box\">\n<h2>ELEGANCE<\/h2>\n<div class=\"product_frame01\">\n<p class=\"product_ttl01\">Ch\u00fang t\u00f4i \u0111\u00e3 c\u00f9ng v\u1edbi nh\u00e0 thi\u1ebft k\u1ebf n\u1ed9i th\u1ea5t t\u00e0i n\u0103ng ng\u01b0\u1eddi \u0110an M\u1ea1ch &#8211; Hans Sandgren Jakobsen <br class=\"box_pc\" \/>t\u1ea1o ra d\u00f2ng s\u1ea3n ph\u1ea9m n\u1ed9i th\u1ea5t \u0111\u00e1p \u1ee9ng \u0111\u01b0\u1ee3c \u0111\u1ed9 b\u1ec1n v\u00e0 \u0111\u1ed9 nh\u1eb9 c\u1ee7a s\u1ea3n ph\u1ea9m. <br class=\"box_pc\" \/>Ng\u01b0\u1eddi c\u00f3 v\u00f4 s\u1ed1 t\u00e0i n\u0103ng v\u00e0 tay ngh\u1ec1 th\u1ee7 c\u00f4ng v\u00e0 lu\u00f4n ki\u00ean tr\u00ec trong vi\u1ec7c theo \u0111u\u1ed5i s\u1ef1 \u0111\u1ed5i m\u1edbi v\u00e0 <br class=\"box_pc\" \/>c\u1ea3i ti\u1ebfn trong phong c\u00e1ch thi\u1ebft k\u1ebf n\u1ed9i th\u1ea5t c\u1ee7a T\u1eadp \u0111o\u00e0n ASAHI.<\/p>\n<\/div>\n<div class=\"product_list\">\n<dl class=\"product_left\">\n<dt class=\"line1\">\u201cELEGANCE\u201d\u3000Nordic Light<\/dt>\n<dd>\n<p class=\"product_img\"><img decoding=\"async\" src=\"https:\/\/asahi-furniture.com.vn\/wp-content\/themes\/AM_Sofa\/images\/product_img_02.jpg\" alt=\"\u201cELEGANCE\u201d\u3000Nordic Light\" \/><\/p>\n<ul class=\"list_btn\">\n<li class=\"btn_down\"><a href=\"https:\/\/asahi-furniture.com.vn\/wp-content\/themes\/AM_Sofa\/pdf\/Elegance_Catalogue.pdf\" target=\"_blank\" rel=\"noopener\">T\u1ea3i xu\u1ed1ng Catalog<\/a><\/li>\n<li class=\"btn_youtube\"><a class=\"button-link\" tabindex=\"-1\" href=\"https:\/\/www.youtube.com\/watch?v=CShGNM5ahKo&amp;t=33s\" data-lity=\"\">Xem video gi\u1edbi thi\u1ec7u<\/a><\/li>\n<li class=\"btn_contact\"><a href=\"https:\/\/asahi-furniture.com.vn\/vi\/contact\/\">Li\u00ean h\u1ec7<\/a><\/li>\n<\/ul>\n<\/dd>\n<\/dl>\n<div class=\"product_right\">\n<p class=\"line1 product_right_ttl\">Nh\u00e0 Xinh \u2013 <br class=\"box_pc768\" \/>AKA Furniture Group<\/p>\n<div class=\"product_parent\">\n<div class=\"product_detail\">\n<p class=\"\">SHOWROOM 1<\/p>\n<div class=\"product_info\">\n<dl class=\"product_address\">\n<dt>Showroom address<\/dt>\n<dd>187A Hai B\u00e0 Tr\u01b0ng, P.6, Q.3, TP. HCM ( 1.000m<sup>2<\/sup>).<br \/>\n| Gi\u1edd m\u1edf c\u1eeda: 8h30 \u2013 21h (C\u1ea3 tu\u1ea7n)<\/dd>\n<\/dl>\n<dl class=\"product_url\">\n<dt>Website<\/dt>\n<dd><a href=\"http:\/\/www.nhaxinh.com\/\" target=\"_blank\" rel=\"noopener\">www.nhaxinh.com <\/a><\/dd>\n<\/dl>\n<\/div>\n<\/div>\n<div class=\"product_detail\">\n<p class=\"\">SHOWROOM 2<\/p>\n<div class=\"product_info\">\n<dl class=\"product_address\">\n<dt>Showroom address<\/dt>\n<dd>Ph\u00fa M\u1ef9 H\u01b0ng , 111 T\u00f4n D\u1eadt Ti\u00ean ( C\u1eaft \u0111\u01b0\u1eddng Ph\u1ea1m Thi\u1ec1u), Q.7(3000m<sup>2<\/sup>)<br \/>\n|Gi\u1edd m\u1edf c\u1eeda: 8h30 &#8211; 20h30 (T\u1eeb th\u1ee9 2 \u0111\u1ebfn th\u1ee9 6) | 8h30 &#8211; 21h00 (Th\u1ee9 7 &amp; CN)<\/dd>\n<\/dl>\n<dl class=\"product_url\">\n<dt>Website<\/dt>\n<dd><a href=\"http:\/\/www.nhaxinh.com\/\" target=\"_blank\" rel=\"noopener\">www.nhaxinh.com <\/a><\/dd>\n<\/dl>\n<\/div>\n<\/div>\n<div class=\"product_detail\">\n<p class=\"\">SHOWROOM 3<\/p>\n<div class=\"product_info\">\n<dl class=\"product_address\">\n<dt>Showroom address<\/dt>\n<dd>T\u1ea7ng 3, TTTM Sun Plaza &#8211; 69 Thu\u1ef5 Khu\u00ea, T\u00e2y H\u1ed3, H\u00e0 N\u1ed9i (12 Ho\u00e0ng Hoa Th\u00e1m). Di\u1ec7n t\u00edch: (3000m<sup>2<\/sup>).<br \/>\n| Gi\u1edd m\u1edf c\u1eeda: 9h00 &#8211; 20h00 (C\u1ea3 tu\u1ea7n)<\/dd>\n<\/dl>\n<dl class=\"product_url\">\n<dt>Website<\/dt>\n<dd><a href=\"http:\/\/www.nhaxinh.com\/\" target=\"_blank\" rel=\"noopener\">www.nhaxinh.com <\/a><\/dd>\n<\/dl>\n<\/div>\n<\/div>\n<\/div>\n<\/div>\n<\/div>\n<\/div>\n<div id=\"dura\" class=\"product_box\">\n<h2>dura<\/h2>\n<div class=\"product_frame01\">\n<p class=\"product_ttl01\">H\u00e3y ng\u1ed3i trong 5 ph\u00fat v\u00e0 ki\u1ec3m tra! <br class=\"box_pc\" \/>\u0110i\u1ec3m \u0111\u1eb7c bi\u1ec7t c\u1ee7a Sofa dura l\u00e0 \u1edf ph\u1ea7n khung g\u1ed7, \u0111\u1ec7m, da v\u00e0 k\u00edch th\u01b0\u1edbc theo \u0111\u01a1n \u0111\u1eb7t h\u00e0ng. <br class=\"box_pc\" \/>S\u1ef1 tho\u1ea3i m\u00e1i c\u1ee7a dura b\u1eaft \u0111\u1ea7u t\u1eeb c\u1ea3m gi\u00e1c \u00f4m kh\u00edt theo c\u01a1 th\u1ec3 c\u1ee7a b\u1ea1n, <br class=\"box_pc\" \/>sau \u0111\u00f3 l\u00e0 ph\u1ea7n tay v\u1ecbn v\u1edbi chi\u1ec1u cao v\u1eeba v\u1eb7n \u0111\u1ec3 kh\u00f4ng l\u00e0m b\u1ea1n c\u1ea3m th\u1ea5y m\u1ecfi trong qu\u00e1 tr\u00ecnh ng\u1ed3i.<\/p>\n<\/div>\n<div class=\"product_list\">\n<dl class=\"product_left\">\n<dt class=\"bg_yellow line1\">\u201cdura\u201d Taylor made Leather Sofa<\/dt>\n<dd>\n<p class=\"product_img\"><img decoding=\"async\" src=\"https:\/\/asahi-furniture.com.vn\/wp-content\/themes\/AM_Sofa\/images\/product_img_03.jpg\" alt=\"\u201cdura\u201d Taylor made Leather Sofa\" \/><\/p>\n<ul class=\"list_btn\">\n<li class=\"btn_down\"><a href=\"https:\/\/asahi-furniture.com.vn\/wp-content\/themes\/AM_Sofa\/pdf\/dura_Catalogue.pdf\" target=\"_blank\" rel=\"noopener\">T\u1ea3i xu\u1ed1ng Catalog<\/a><\/li>\n<li class=\"btn_contact\"><a href=\"https:\/\/asahi-furniture.com.vn\/vi\/contact\/\">Li\u00ean h\u1ec7<\/a><\/li>\n<\/ul>\n<\/dd>\n<\/dl>\n<div class=\"product_right\">\n<p class=\"line1 product_right_ttl\">ASAHI <span class=\"txtitalic\">furniture<\/span> SHOWROOM<\/p>\n<div class=\"product_parent\">\n<div class=\"product_detail\">\n<div class=\"product_info\">\n<dl class=\"product_address\">\n<dt>Showroom address<\/dt>\n<dd><a href=\"https:\/\/goo.gl\/maps\/ErYRuvcEKrx2P3WT6\">T\u00f2a nh\u00e0 Cspace, T\u1ea7ng 2, SR-204, 12-13 \u0110\u01b0\u1eddng N1, Khu TM Nam, KCX T\u00e2n Thu\u1eadn,ph\u01b0\u1eddng T\u00e2n Thu\u1eadn \u0110\u00f4ng, Qu\u1eadn 7, H\u1ed3 Ch\u00ed Minh.<\/a><br \/>\nGi\u1edd m\u1edf c\u1eeda: 8h30 &#8211; 17h00 (T\u1eeb th\u1ee9 2 \u0111\u1ebfn th\u1ee9 7)<\/dd>\n<\/dl>\n<dl class=\"product_url\">\n<dt>Website<\/dt>\n<dd><a href=\"http:\/\/cspacevietnam.com.vn\/project\/asahi\/\" target=\"_blank\" rel=\"noopener\">http:\/\/cspacevietnam.com.vn\/project\/asahi\/<\/a><\/dd>\n<\/dl>\n<\/div>\n<\/div>\n<\/div>\n<\/div>\n<\/div>\n<\/div>\n<div id=\"limited_dura\" class=\"product_box\">\n<h2>Limited dura<\/h2>\n<div class=\"product_frame01\">\n<p class=\"product_ttl01\">B\u1ed9 sofa da v\u1edbi ch\u1ea5t l\u01b0\u1ee3ng h\u00e0ng \u0111\u1ea7u. Ch\u00fang t\u00f4i t\u1ea1o ra m\u1ed9t c\u1ea3m gi\u00e1c sang tr\u1ecdng. <br class=\"box_pc\" \/>\u0110\u00f3 l\u00e0 l\u00fd do ch\u00fang t\u00f4i kh\u00f4ng c\u1eaft c\u00e1c ph\u1ea7n da \u1edf b\u1ec1 m\u1eb7t <br class=\"box_pc\" \/>m\u00e0 \u0111\u01b0\u1ee3c s\u1eed d\u1ee5ng nguy\u00ean m\u1ed9t con da \u0111\u1ec3 h\u1ea1n ch\u1ebf vi\u1ec7c kh\u00e2u da \u1edf m\u1ee9c t\u1ed1i thi\u1ec3u nh\u1ea5t.<\/p>\n<\/div>\n<div class=\"product_list\">\n<dl class=\"product_left\">\n<dt class=\"bg_yellow line1\">\u201cLimited dura\u201d Taylor made Leather Sofa.<\/dt>\n<dd>\n<p class=\"product_img\"><img decoding=\"async\" src=\"https:\/\/asahi-furniture.com.vn\/wp-content\/themes\/AM_Sofa\/images\/product_img_04.jpg\" alt=\"\u201cLimited dura\u201d Taylor made Leather Sofa.\" \/><\/p>\n<ul class=\"list_btn\">\n<li class=\"btn_down\"><a href=\"https:\/\/asahi-furniture.com.vn\/wp-content\/themes\/AM_Sofa\/pdf\/Limited dura_Catalogue.pdf\" target=\"_blank\" rel=\"noopener\">T\u1ea3i xu\u1ed1ng Catalog<\/a><\/li>\n<li class=\"btn_contact\"><a href=\"https:\/\/asahi-furniture.com.vn\/vi\/contact\/\">Li\u00ean h\u1ec7<\/a><\/li>\n<\/ul>\n<\/dd>\n<\/dl>\n<div class=\"product_right\">\n<p class=\"product_right_ttl\">ASAHI <span class=\"txtitalic\">furniture<\/span> SHOWROOM<\/p>\n<div class=\"product_parent\">\n<div class=\"product_detail\">\n<p class=\"\">SHOWROOM 1<\/p>\n<div class=\"product_info\">\n<dl class=\"product_address\">\n<dt>Showroom address<\/dt>\n<dd><a href=\"https:\/\/goo.gl\/maps\/ErYRuvcEKrx2P3WT6\">T\u00f2a nh\u00e0 Cspace, T\u1ea7ng 2, SR-204, 12-13 \u0110\u01b0\u1eddng N1, Khu TM Nam, KCX T\u00e2n Thu\u1eadn,ph\u01b0\u1eddng T\u00e2n Thu\u1eadn \u0110\u00f4ng, Qu\u1eadn 7, H\u1ed3 Ch\u00ed Minh.<\/a><br \/>\nGi\u1edd m\u1edf c\u1eeda: 8h30 &#8211; 17h00 (T\u1eeb th\u1ee9 2 \u0111\u1ebfn th\u1ee9 7)<\/dd>\n<\/dl>\n<dl class=\"product_url\">\n<dt>Website<\/dt>\n<dd><a href=\"http:\/\/cspacevietnam.com.vn\/project\/asahi\/\" target=\"_blank\" rel=\"noopener\">http:\/\/cspacevietnam.com.vn\/project\/asahi\/<\/a><\/dd>\n<\/dl>\n<\/div>\n<\/div>\n<div class=\"product_detail\">\n<p class=\"\">SHOWROOM 2<\/p>\n<div class=\"product_info\">\n<dl class=\"product_address\">\n<dt>Showroom address<\/dt>\n<dd>187A Hai B\u00e0 Tr\u01b0ng, P.6, Q.3, TP. HCM ( 1.000m<sup>2<\/sup>).<br \/>\n| Gi\u1edd m\u1edf c\u1eeda: 8h30 \u2013 21h (C\u1ea3 tu\u1ea7n)<\/dd>\n<\/dl>\n<dl class=\"product_url\">\n<dt>Website<\/dt>\n<dd><a href=\"http:\/\/www.nhaxinh.com\/\" target=\"_blank\" rel=\"noopener\">www.nhaxinh.com <\/a><\/dd>\n<\/dl>\n<\/div>\n<\/div>\n<div class=\"product_detail\">\n<p class=\"\">SHOWROOM 3<\/p>\n<div class=\"product_info\">\n<dl class=\"product_address\">\n<dt>Showroom address<\/dt>\n<dd>Ph\u00fa M\u1ef9 H\u01b0ng , 111 T\u00f4n D\u1eadt Ti\u00ean ( C\u1eaft \u0111\u01b0\u1eddng Ph\u1ea1m Thi\u1ec1u), Q.7(3000m<sup>2<\/sup>)<br \/>\n|Gi\u1edd m\u1edf c\u1eeda: 8h30 &#8211; 20h30 (T\u1eeb th\u1ee9 2 \u0111\u1ebfn th\u1ee9 6) | 8h30 &#8211; 21h00 (Th\u1ee9 7 &amp; CN)<\/dd>\n<\/dl>\n<dl class=\"product_url\">\n<dt>Website<\/dt>\n<dd><a href=\"http:\/\/www.nhaxinh.com\/\" target=\"_blank\" rel=\"noopener\">www.nhaxinh.com <\/a><\/dd>\n<\/dl>\n<\/div>\n<\/div>\n<div class=\"product_detail\">\n<p class=\"\">SHOWROOM 4<\/p>\n<div class=\"product_info\">\n<dl class=\"product_address\">\n<dt>Showroom address<\/dt>\n<dd>T\u1ea7ng 3, TTTM Sun Plaza &#8211; 69 Thu\u1ef5 Khu\u00ea, T\u00e2y H\u1ed3, H\u00e0 N\u1ed9i (12 Ho\u00e0ng Hoa Th\u00e1m). Di\u1ec7n t\u00edch: (3000m<sup>2<\/sup>).<br \/>\n| Gi\u1edd m\u1edf c\u1eeda: 9h00 &#8211; 20h00 (C\u1ea3 tu\u1ea7n)<\/dd>\n<\/dl>\n<dl class=\"product_url\">\n<dt>Website<\/dt>\n<dd><a href=\"http:\/\/www.nhaxinh.com\/\" target=\"_blank\" rel=\"noopener\">www.nhaxinh.com <\/a><\/dd>\n<\/dl>\n<\/div>\n<\/div>\n<\/div>\n<\/div>\n<\/div>\n<\/div>\n<div id=\"crossover\" class=\"product_box\">\n<h2>Crossover<\/h2>\n<div class=\"product_frame01\">\n<p class=\"product_ttl01\">Sofa \u0111\u01b0\u1ee3c thi\u1ebft k\u1ebf v\u1edbi v\u1ebb \u0111\u1eb9p sang tr\u1ecdng, ph\u1ea7n \u0111\u1ec7m ng\u1ed3i s\u1eed d\u1ee5ng l\u00f4ng v\u0169 v\u00e0 <br class=\"box_pc\" \/>khung g\u1ed7 b\u00ean trong s\u1eed d\u1ee5ng lo\u1ea1i g\u1ed7 c\u1ee9ng v\u1edbi ch\u1ea5t l\u01b0\u1ee3ng cao.<\/p>\n<\/div>\n<div class=\"product_list\">\n<dl class=\"product_left\">\n<dt class=\"bg_yellow line1\">\u201cCrossover\u201d Taylor made Leather Sofa<\/dt>\n<dd>\n<p class=\"product_img\"><img decoding=\"async\" src=\"https:\/\/asahi-furniture.com.vn\/wp-content\/themes\/AM_Sofa\/images\/product_img_05.jpg\" alt=\"\u201cCrossover\u201d Taylor made Leather Sofa\" \/><\/p>\n<ul class=\"list_btn\">\n<li class=\"btn_down\"><a href=\"https:\/\/asahi-furniture.com.vn\/wp-content\/themes\/AM_Sofa\/pdf\/Crossover_Catalogue.pdf\" target=\"_blank\" rel=\"noopener\">T\u1ea3i xu\u1ed1ng Catalog<\/a><\/li>\n<li class=\"btn_contact\"><a href=\"https:\/\/asahi-furniture.com.vn\/vi\/contact\/\">Li\u00ean h\u1ec7<\/a><\/li>\n<\/ul>\n<\/dd>\n<\/dl>\n<div class=\"product_right\">\n<p class=\"line1 product_right_ttl\">ASAHI <span class=\"txtitalic\">furniture<\/span> SHOWROOM<\/p>\n<div class=\"product_parent\">\n<div class=\"product_detail\">\n<div class=\"product_info\">\n<dl class=\"product_address\">\n<dt>Showroom address<\/dt>\n<dd><a href=\"https:\/\/goo.gl\/maps\/ErYRuvcEKrx2P3WT6\">T\u00f2a nh\u00e0 Cspace, T\u1ea7ng 2, SR-204, 12-13 \u0110\u01b0\u1eddng N1, Khu TM Nam, KCX T\u00e2n Thu\u1eadn,ph\u01b0\u1eddng T\u00e2n Thu\u1eadn \u0110\u00f4ng, Qu\u1eadn 7, H\u1ed3 Ch\u00ed Minh.<\/a><br \/>\nGi\u1edd m\u1edf c\u1eeda: 8h30 &#8211; 17h00 (T\u1eeb th\u1ee9 2 \u0111\u1ebfn th\u1ee9 7)<\/dd>\n<\/dl>\n<dl class=\"product_url\">\n<dt>Website<\/dt>\n<dd><a href=\"http:\/\/cspacevietnam.com.vn\/project\/asahi\/\" target=\"_blank\" rel=\"noopener\">http:\/\/cspacevietnam.com.vn\/project\/asahi\/<\/a><\/dd>\n<\/dl>\n<\/div>\n<\/div>\n<\/div>\n<\/div>\n<\/div>\n<\/div>\n<div id=\"ona\" class=\"product_box\">\n<h2>ONA<\/h2>\n<div class=\"product_frame01\">\n<p class=\"product_ttl01\">\u201cV\u1ebb l\u1ecbch l\u00e3m c\u1ee7a HIM \u0111\u01b0\u1ee3c t\u1ea1o n\u00ean b\u1edfi n\u00e9t \u0111oan trang t\u1eeb HER\u201d<br \/>\n\u0110\u01b0\u1eddng cong c\u1ee7a ONA.HER t\u1ea1o n\u00ean \u0111\u01b0\u1eddng th\u1eb3ng cho ONA.HIM<\/p>\n<\/div>\n<div class=\"product_list\">\n<dl class=\"product_left\">\n<dd>\n<p class=\"product_img\"><img decoding=\"async\" src=\"https:\/\/asahi-furniture.com.vn\/wp-content\/themes\/AM_Sofa\/images\/product_img_06.jpg\" alt=\"ONA\" \/><\/p>\n<ul class=\"list_btn\">\n<li class=\"btn_down\"><a href=\"https:\/\/asahi-furniture.com.vn\/wp-content\/uploads\/2024\/12\/ONA-Catalog-rv1.pdf\" target=\"_blank\" rel=\"noopener\">T\u1ea3i xu\u1ed1ng Catalog<\/a><\/li>\n<li class=\"btn_contact\"><a href=\"https:\/\/asahi-furniture.com.vn\/vi\/contact\/\">Li\u00ean h\u1ec7<\/a><\/li>\n<\/ul>\n<\/dd>\n<\/dl>\n<div class=\"product_right\">\n<p class=\"line1 product_right_ttl\">ASAHI <span class=\"txtitalic\">furniture<\/span> SHOWROOM<\/p>\n<div class=\"product_parent\">\n<p class=\"\">SHOWROOM 1<\/p>\n<div class=\"product_detail\">\n<div class=\"product_info\">\n<dl class=\"product_address\">\n<dt>Showroom address<\/dt>\n<dd><a href=\"https:\/\/goo.gl\/maps\/ErYRuvcEKrx2P3WT6\">T\u00f2a nh\u00e0 Cspace, T\u1ea7ng 2, SR-204, 12-13 \u0110\u01b0\u1eddng N1, Khu TM Nam, KCX T\u00e2n Thu\u1eadn,ph\u01b0\u1eddng T\u00e2n Thu\u1eadn \u0110\u00f4ng, Qu\u1eadn 7, H\u1ed3 Ch\u00ed Minh.<\/a><br \/>\nGi\u1edd m\u1edf c\u1eeda: 8h30 &#8211; 17h00 (T\u1eeb th\u1ee9 2 \u0111\u1ebfn th\u1ee9 7)<\/dd>\n<\/dl>\n<dl class=\"product_url\">\n<dt>Website<\/dt>\n<dd><a href=\"http:\/\/cspacevietnam.com.vn\/project\/asahi\/\" target=\"_blank\" rel=\"noopener\">http:\/\/cspacevietnam.com.vn\/project\/asahi\/<\/a><\/dd>\n<\/dl>\n<\/div>\n<\/div>\n<div class=\"product_detail\">\n<p class=\"\">SHOWROOM 2<\/p>\n<div class=\"product_info\">\n<dl class=\"product_address\">\n<dt>Showroom address<\/dt>\n<dd>187A Hai B\u00e0 Tr\u01b0ng, P.6, Q.3, TP. HCM ( 1.000m<sup>2<\/sup>).<br \/>\n| Gi\u1edd m\u1edf c\u1eeda: 8h30 \u2013 21h (C\u1ea3 tu\u1ea7n)<\/dd>\n<\/dl>\n<dl class=\"product_url\">\n<dt>Website<\/dt>\n<dd><a href=\"http:\/\/www.nhaxinh.com\/\" target=\"_blank\" rel=\"noopener\">www.nhaxinh.com <\/a><\/dd>\n<\/dl>\n<\/div>\n<\/div>\n<div class=\"product_detail\">\n<p class=\"\">SHOWROOM 3<\/p>\n<div class=\"product_info\">\n<dl class=\"product_address\">\n<dt>Showroom address<\/dt>\n<dd>Ph\u00fa M\u1ef9 H\u01b0ng , 111 T\u00f4n D\u1eadt Ti\u00ean ( C\u1eaft \u0111\u01b0\u1eddng Ph\u1ea1m Thi\u1ec1u), Q.7(3000m<sup>2<\/sup>)<br \/>\n|Gi\u1edd m\u1edf c\u1eeda: 8h30 &#8211; 20h30 (T\u1eeb th\u1ee9 2 \u0111\u1ebfn th\u1ee9 6) | 8h30 &#8211; 21h00 (Th\u1ee9 7 &amp; CN)<\/dd>\n<\/dl>\n<dl class=\"product_url\">\n<dt>Website<\/dt>\n<dd><a href=\"http:\/\/www.nhaxinh.com\/\" target=\"_blank\" rel=\"noopener\">www.nhaxinh.com <\/a><\/dd>\n<\/dl>\n<\/div>\n<\/div>\n<div class=\"product_detail\">\n<p class=\"\">SHOWROOM 4<\/p>\n<div class=\"product_info\">\n<dl class=\"product_address\">\n<dt>Showroom address<\/dt>\n<dd>T\u1ea7ng 3, TTTM Sun Plaza &#8211; 69 Thu\u1ef5 Khu\u00ea, T\u00e2y H\u1ed3, H\u00e0 N\u1ed9i (12 Ho\u00e0ng Hoa Th\u00e1m). Di\u1ec7n t\u00edch: (3000m<sup>2<\/sup>).<br \/>\n| Gi\u1edd m\u1edf c\u1eeda: 9h00 &#8211; 20h00 (C\u1ea3 tu\u1ea7n)<\/dd>\n<\/dl>\n<dl class=\"product_url\">\n<dt>Website<\/dt>\n<dd><a href=\"http:\/\/www.nhaxinh.com\/\" target=\"_blank\" rel=\"noopener\">www.nhaxinh.com <\/a><\/dd>\n<\/dl>\n<\/div>\n<\/div>\n<\/div>\n<\/div>\n<\/div>\n<\/div>\n<\/div>\n<p><\/p>","protected":false},"excerpt":{"rendered":"<p>Th\u01b0\u01a1ng hi\u1ec7u c\u1ee7a ASAHI furniture BRIDGE ELEGANCE dura Limited dura Crossover ONA BRIDGE V\u1ebb \u0111\u1eb9p l\u1ed9ng l\u1eaby c\u1ee7a BRIDGE, k\u1ebf th\u1eeba tinh th\u1ea7n c\u1ee7a thi\u1ebft k\u1ebf Scandinavian; v\u1edbi thi\u1ebft k\u1ebf \u0111\u01a1n gi\u1ea3n v\u00e0 ti\u1ec7n d\u1ee5ng \u0111\u00e3 mang l\u1ea1i v\u1ebb \u0111\u1eb9p \u0111\u1eb7c tr\u01b0ng c\u1ee7a BRIDGE. S\u1ef1 k\u1ebft h\u1ee3p gi\u1eefa t\u1ef1 nhi\u00ean v\u00e0 hi\u1ec7n \u0111\u1ea1i t\u1ea1o n\u00ean [&hellip;]<\/p>\n","protected":false},"author":1,"featured_media":0,"parent":0,"menu_order":0,"comment_status":"closed","ping_status":"closed","template":"","meta":{"footnotes":""},"class_list":["post-20","page","type-page","status-publish","hentry"],"_links":{"self":[{"href":"https:\/\/asahi-furniture.com.vn\/vi\/wp-json\/wp\/v2\/pages\/20","targetHints":{"allow":["GET"]}}],"collection":[{"href":"https:\/\/asahi-furniture.com.vn\/vi\/wp-json\/wp\/v2\/pages"}],"about":[{"href":"https:\/\/asahi-furniture.com.vn\/vi\/wp-json\/wp\/v2\/types\/page"}],"author":[{"embeddable":true,"href":"https:\/\/asahi-furniture.com.vn\/vi\/wp-json\/wp\/v2\/users\/1"}],"replies":[{"embeddable":true,"href":"https:\/\/asahi-furniture.com.vn\/vi\/wp-json\/wp\/v2\/comments?post=20"}],"version-history":[{"count":71,"href":"https:\/\/asahi-furniture.com.vn\/vi\/wp-json\/wp\/v2\/pages\/20\/revisions"}],"predecessor-version":[{"id":564,"href":"https:\/\/asahi-furniture.com.vn\/vi\/wp-json\/wp\/v2\/pages\/20\/revisions\/564"}],"wp:attachment":[{"href":"https:\/\/asahi-furniture.com.vn\/vi\/wp-json\/wp\/v2\/media?parent=20"}],"curies":[{"name":"wp","href":"https:\/\/api.w.org\/{rel}","templated":true}]}}