{"id":18,"date":"2021-09-08T21:15:00","date_gmt":"2021-09-08T12:15:00","guid":{"rendered":"https:\/\/asahi-furniture.com.vn\/wp\/?page_id=18"},"modified":"2021-09-21T13:50:12","modified_gmt":"2021-09-21T04:50:12","slug":"concept","status":"publish","type":"page","link":"https:\/\/asahi-furniture.com.vn\/vi\/concept\/","title":{"rendered":"CONCEPT"},"content":{"rendered":"<p><\/p>\n<div class=\"concept_boxmain\">\n<div class=\"concept_box\">\n<h2>\u0110\u01b0\u1ee3c thi\u1ebft k\u1ebf v\u1edbi \u0111\u1ed9 b\u1ec1n s\u1eed d\u1ee5ng h\u00e0ng ch\u1ee5c n\u0103m.<\/h2>\n<p class=\"concept_boximg\"><img decoding=\"async\" src=\"https:\/\/asahi-furniture.com.vn\/wp-content\/themes\/AM_Sofa\/images\/concept_img01.jpg\" alt=\"\u0110\u01b0\u1ee3c thi\u1ebft k\u1ebf v\u1edbi \u0111\u1ed9 b\u1ec1n s\u1eed d\u1ee5ng h\u00e0ng ch\u1ee5c n\u0103m.\"><\/p>\n<div class=\"concept_boxinfo\">\n<dl>\n<dt>Khung Sofa \u0111\u01b0\u1ee3c l\u00e0m b\u1eb1ng G\u1ed7 t\u1ef1 nhi\u00ean nguy\u00ean kh\u1ed1i.<\/dt>\n<dd>\u0110\u1ed1i v\u1edbi khung g\u1ed7 b\u00ean trong, ch\u00fang t\u00f4i ch\u1ec9 s\u1eed d\u1ee5ng g\u1ed7 c\u1ee9ng v\u00e0 c\u00e1c kh\u1edbp n\u1ed1i \u0111\u01b0\u1ee3c li\u00ean k\u1ebft v\u1edbi nhau b\u1eb1ng c\u00e1c ch\u1ed1t g\u1ed7 ch\u1eafc ch\u1eafn. \u0110\u1ec3 x\u00e1c nh\u1eadn \u0111\u1ed9 b\u1ec1n c\u1ee7a gh\u1ebf Sofa, ch\u00fang t\u00f4i th\u1ef1c hi\u1ec7n ki\u1ec3m tra kh\u1eaft khe b\u1ec1 m\u1eb7t c\u1ee7a gh\u1ebf v\u00e0 ph\u1ea7n t\u1ef1a l\u01b0ng, \u0111\u1ed3ng th\u1eddi thi\u1ebft l\u1eadp m\u1ed9t h\u1ec7 th\u1ed1ng ki\u1ec3m tra to\u00e0n di\u1ec7n \u0111\u1ec3 \u0111\u1ea3m b\u1ea3o ch\u1ea5t l\u01b0\u1ee3ng k\u1ef9 l\u01b0\u1ee1ng.<\/dd>\n<\/dl>\n<dl>\n<dt>Ph\u1ea7n \u0111\u1ec7m \u0111\u01b0\u1ee3c s\u1eed d\u1ee5ng ch\u1ecdn l\u1ecdc nh\u1eefng ch\u1ea5t li\u1ec7u cao c\u1ea5p.<\/dt>\n<dd>Ph\u1ea7n \u0111\u1ec7m b\u00ean trong c\u1ee7a Sofa \u0111\u01b0\u1ee3c s\u1eed d\u1ee5ng Urethane m\u1eadt \u0111\u1ed9 cao v\u1edbi \u0111\u1ed9 b\u1ec1n tuy\u1ec7t v\u1eddi . Ngo\u00e0i ra, b\u1ec1 m\u1eb7t \u0111\u1ec7m \u0111\u01b0\u1ee3c l\u00e0m t\u1eeb ch\u1ea5t li\u1ec7u da th\u1eadt cao c\u1ea5p ph\u1ee7 b\u00f3ng b\u00e1n anilin c\u00f3 \u0111\u1ed9 b\u1ec1n c\u1ef1c t\u1ed1t.<\/dd>\n<\/dl>\n<\/div>\n<\/div>\n<div class=\"concept_box\">\n<h2>Tho\u1ea3i m\u00e1i m\u1ed9t c\u00e1ch tuy\u1ec7t \u0111\u1ed1i v\u00e0 kh\u00f4ng b\u1ecb m\u1ecfi khi ng\u1ed3i.<\/h2>\n<p class=\"concept_boximg\"><img decoding=\"async\" src=\"https:\/\/asahi-furniture.com.vn\/wp-content\/themes\/AM_Sofa\/images\/concept_img02.jpg\" alt=\"Tho\u1ea3i m\u00e1i m\u1ed9t c\u00e1ch tuy\u1ec7t \u0111\u1ed1i v\u00e0 kh\u00f4ng b\u1ecb m\u1ecfi khi ng\u1ed3i.\"><\/p>\n<div class=\"concept_boxinfo\">\n<dl>\n<dt>Ph\u1ea7n \u0111\u1ec7m l\u01b0ng v\u00e0 n\u1ec7m ng\u1ed3i v\u1edbi ch\u1ea5t l\u01b0\u1ee3ng cao.<\/dt>\n<dd>V\u1edbi vi\u1ec7c s\u1eed d\u1ee5ng l\u00f4ng v\u0169 cho ph\u1ea7n m\u1eb7t ti\u1ebfp x\u00fac c\u1ee7a \u0111\u1ec7m gh\u1ebf v\u00e0 s\u1eed d\u1ee5ng Urethane v\u1edbi m\u1eadt \u0111\u1ed9 cao cho ph\u1ea7n \u0111\u1ec7m trong c\u1ee7a Sofa, ch\u00fang t\u00f4i mang \u0111\u1ebfn cho b\u1ea1n s\u1ef1 tho\u1ea3i m\u00e1i m\u1ed9t c\u00e1ch tuy\u1ec7t \u0111\u1ed1i v\u00e0 b\u1ea1n s\u1ebd c\u1ea3m th\u1ea5y c\u01a1 th\u1ec3 b\u1ea1n nh\u01b0 \u0111ang \u0111\u01b0\u1ee3c n\u00e2ng \u0111\u1ee1 m\u1ed9t c\u00e1ch tinh t\u1ebf khi ng\u1ed3i xu\u1ed1ng.<\/dd>\n<\/dl>\n<dl>\n<dt>Ch\u1ec9 da th\u1eadt ch\u1ea5t l\u01b0\u1ee3ng cao v\u1edbi c\u1ea3m gi\u00e1c m\u1ec1m m\u1ea1i m\u1edbi \u0111\u01b0\u1ee3c s\u1eed d\u1ee5ng.<\/dt>\n<dd>Ch\u00fang t\u00f4i s\u1eed d\u1ee5ng cha\u0302\u0301t lie\u0323\u0302u da bo\u0300 cao ca\u0302\u0301p Semi-aniline (da b\u00e1n Anilin) v\u1edbi nhi\u1ec1u \u01b0u \u0111i\u1ec3m n\u1ed5i b\u1eadt nh\u01b0: m\u1ec1m m\u1ea1i, c\u00f3 \u0111\u1ed9 b\u1ec1n m\u00e0u v\u00e0 kh\u1ea3 n\u0103ng \u0111\u00e0n h\u1ed3i cao, r\u1ea5t tho\u00e1ng kh\u00ed v\u00e0 gi\u1eef \u1ea9m. Lo\u1ea1i da n\u00e0y c\u0169ng \u0111\u01b0\u1ee3c d\u00f9ng tr\u00ean h\u1ea7u h\u1ebft c\u00e1cd\u00f2ng xe h\u01a1i trang tr\u1ecdng nh\u01b0 Lexus, Land Rover&#8230; <\/dd>\n<\/dl>\n<\/div>\n<\/div>\n<div class=\"concept_box\">\n<h2>Gh\u1ebf Sofa May \u0110o<\/h2>\n<p class=\"concept_boximg\"><img decoding=\"async\" src=\"https:\/\/asahi-furniture.com.vn\/wp-content\/themes\/AM_Sofa\/images\/concept_img03.jpg\" alt=\"Gh\u1ebf Sofa May \u0110o\"><\/p>\n<div class=\"concept_boxinfo\">\n<dl>\n<dt>B\u1ea1n c\u00f3 th\u1ec3 \u0111\u1eb7t h\u00e0ng theo <br class=\"box_pc\">k\u00edch th\u01b0\u1edbc kh\u00e1c nhau.<\/dt>\n<dd>B\u1ea1n c\u00f3 th\u1ec3 ch\u1ecdn sofa ph\u00f9 h\u1ee3p v\u1edbi k\u00edch th\u01b0\u1edbc c\u0103n ph\u00f2ng c\u1ee7a b\u1ea1n.<\/dd>\n<\/dl>\n<dl>\n<dt>B\u1ea1n c\u00f3 th\u1ec3 ch\u1ecdn l\u1ef1a m\u00e0u da <br class=\"box_pc\">t\u1eeb c\u00e1c m\u1eabu da c\u00f3 s\u1eb5n v\u00e0 <br class=\"box_pc\">\u0111a d\u1ea1ng m\u00e0u c\u1ee7a ch\u00fang t\u00f4i.<\/dt>\n<dd>\u0110\u1ed9i ng\u0169 nh\u00e2n vi\u00ean c\u1ee7a ch\u00fang t\u00f4i v\u1edbi s\u1ef1 am hi\u1ec3u v\u1ec1 m\u00e0u s\u1eafc v\u00e0 c\u00e1ch ph\u1ed1i \u0111\u1ed3 n\u1ed9i th\u1ea5t s\u1ebd \u0111\u1ec1 xu\u1ea5t c\u00e1ch ph\u1ed1i m\u00e0u ph\u00f9 h\u1ee3p nh\u1ea5t cho c\u0103n ph\u00f2ng c\u1ee7a b\u1ea1n, \u0111\u1ed3ng th\u1eddi ch\u00fang t\u00f4i s\u1ebd l\u1eafng nghe th\u1ecb hi\u1ebfu v\u00e0 y\u00eau c\u1ea7u c\u1ee7a b\u1ea1n. Ch\u00fang t\u00f4i c\u00f3 s\u1eb5n c\u00e1c m\u1eabu da tr\u01b0ng b\u00e0y t\u1ea1i showroom.<\/dd>\n<\/dl>\n<\/div>\n<\/div>\n<\/div>\n<p><\/p>","protected":false},"excerpt":{"rendered":"<p>\u0110\u01b0\u1ee3c thi\u1ebft k\u1ebf v\u1edbi \u0111\u1ed9 b\u1ec1n s\u1eed d\u1ee5ng h\u00e0ng ch\u1ee5c n\u0103m. Khung Sofa \u0111\u01b0\u1ee3c l\u00e0m b\u1eb1ng G\u1ed7 t\u1ef1 nhi\u00ean nguy\u00ean kh\u1ed1i. \u0110\u1ed1i v\u1edbi khung g\u1ed7 b\u00ean trong, ch\u00fang t\u00f4i ch\u1ec9 s\u1eed d\u1ee5ng g\u1ed7 c\u1ee9ng v\u00e0 c\u00e1c kh\u1edbp n\u1ed1i \u0111\u01b0\u1ee3c li\u00ean k\u1ebft v\u1edbi nhau b\u1eb1ng c\u00e1c ch\u1ed1t g\u1ed7 ch\u1eafc ch\u1eafn. \u0110\u1ec3 x\u00e1c nh\u1eadn \u0111\u1ed9 b\u1ec1n c\u1ee7a [&hellip;]<\/p>\n","protected":false},"author":1,"featured_media":0,"parent":0,"menu_order":0,"comment_status":"closed","ping_status":"closed","template":"","meta":{"footnotes":""},"class_list":["post-18","page","type-page","status-publish","hentry"],"_links":{"self":[{"href":"https:\/\/asahi-furniture.com.vn\/vi\/wp-json\/wp\/v2\/pages\/18","targetHints":{"allow":["GET"]}}],"collection":[{"href":"https:\/\/asahi-furniture.com.vn\/vi\/wp-json\/wp\/v2\/pages"}],"about":[{"href":"https:\/\/asahi-furniture.com.vn\/vi\/wp-json\/wp\/v2\/types\/page"}],"author":[{"embeddable":true,"href":"https:\/\/asahi-furniture.com.vn\/vi\/wp-json\/wp\/v2\/users\/1"}],"replies":[{"embeddable":true,"href":"https:\/\/asahi-furniture.com.vn\/vi\/wp-json\/wp\/v2\/comments?post=18"}],"version-history":[{"count":12,"href":"https:\/\/asahi-furniture.com.vn\/vi\/wp-json\/wp\/v2\/pages\/18\/revisions"}],"predecessor-version":[{"id":229,"href":"https:\/\/asahi-furniture.com.vn\/vi\/wp-json\/wp\/v2\/pages\/18\/revisions\/229"}],"wp:attachment":[{"href":"https:\/\/asahi-furniture.com.vn\/vi\/wp-json\/wp\/v2\/media?parent=18"}],"curies":[{"name":"wp","href":"https:\/\/api.w.org\/{rel}","templated":true}]}}