{"id":16,"date":"2021-09-08T20:31:41","date_gmt":"2021-09-08T11:31:41","guid":{"rendered":"https:\/\/asahi-furniture.com.vn\/wp\/?page_id=16"},"modified":"2021-09-20T11:34:23","modified_gmt":"2021-09-20T02:34:23","slug":"case","status":"publish","type":"page","link":"https:\/\/asahi-furniture.com.vn\/vi\/case\/","title":{"rendered":"CASE"},"content":{"rendered":"<p><\/p>\n<div class=\"case_boxmain\">\n<div class=\"case_box\">\n<h2>M\u1ed9t quang c\u1ea3nh s\u1ed1ng \u0111\u1ed9ng \u0111\u01b0\u1ee3c t\u1ea1o n\u00ean b\u1edfi BRIDGE<\/h2>\n<ul class=\"case_list\">\n<li><img decoding=\"async\" src=\"https:\/\/asahi-furniture.com.vn\/wp-content\/themes\/AM_Sofa\/images\/case_img01.jpg\" alt=\"M\u1ed9t quang c\u1ea3nh s\u1ed1ng \u0111\u1ed9ng \u0111\u01b0\u1ee3c t\u1ea1o n\u00ean b\u1edfi BRIDGE\"><\/li>\n<li><img decoding=\"async\" src=\"https:\/\/asahi-furniture.com.vn\/wp-content\/themes\/AM_Sofa\/images\/case_img02.jpg\" alt=\"M\u1ed9t quang c\u1ea3nh s\u1ed1ng \u0111\u1ed9ng \u0111\u01b0\u1ee3c t\u1ea1o n\u00ean b\u1edfi BRIDGE\"><\/li>\n<li class=\"case_txt\">M\u1ed9t cu\u1ed9c s\u1ed1ng h\u00e0ng ng\u00e0y b\u00ecnh l\u1eb7ng v\u1edbi thi\u00ean nhi\u00ean. <br \/>M\u1ed9t ng\u00e0y tho\u1ea3i m\u00e1i \u0111\u01b0\u1ee3c bao quanh b\u1edfi nh\u1eefng \u0111i\u1ec1u m\u00e0 b\u1ea1n y\u00eau th\u00edch. <br \/>T\u1eadn h\u01b0\u1edfng cu\u1ed9c s\u1ed1ng phong ph\u00fa v\u1edbi c\u00e1c s\u1ea3n ph\u1ea9m n\u1ed9i th\u1ea5t BRIDGE.<\/li>\n<li><img decoding=\"async\" src=\"https:\/\/asahi-furniture.com.vn\/wp-content\/themes\/AM_Sofa\/images\/case_img03.jpg\" alt=\"M\u1ed9t quang c\u1ea3nh s\u1ed1ng \u0111\u1ed9ng \u0111\u01b0\u1ee3c t\u1ea1o n\u00ean b\u1edfi BRIDGE\"><\/li>\n<\/ul>\n<\/div>\n<div class=\"case_box\">\n<h2>S\u1ed1ng c\u00f9ng v\u1edbi ELEGANCE !<\/h2>\n<ul class=\"case_list\">\n<li><img decoding=\"async\" src=\"https:\/\/asahi-furniture.com.vn\/wp-content\/themes\/AM_Sofa\/images\/case_img04.jpg\" alt=\"S\u1ed1ng c\u00f9ng v\u1edbi ELEGANCE !\"><\/li>\n<li><img decoding=\"async\" src=\"https:\/\/asahi-furniture.com.vn\/wp-content\/themes\/AM_Sofa\/images\/case_img05.jpg\" alt=\"S\u1ed1ng c\u00f9ng v\u1edbi ELEGANCE !\"><\/li>\n<li class=\"case_txt\">\u0110\u1eb9p v\u00e0 Nh\u1eb9. <br \/>Cu\u1ed9c s\u1ed1ng v\u1edbi \u0111\u1ed3 n\u1ed9i th\u1ea5t tinh x\u1ea3o gi\u00fap b\u1ea1n <br \/>lu\u00f4n c\u1ea3m th\u1ea5y h\u1ea1nh ph\u00fac v\u00e0 tinh t\u1ebf.<\/li>\n<li><img decoding=\"async\" src=\"https:\/\/asahi-furniture.com.vn\/wp-content\/themes\/AM_Sofa\/images\/case_img06.jpg\" alt=\"S\u1ed1ng c\u00f9ng v\u1edbi ELEGANCE !\"><\/li>\n<\/ul>\n<\/div>\n<div class=\"case_box\">\n<h2>&#8216;Limited dura &#8211; Sofa \u0111\u1eb9p&#8217;. &#8216;Kh\u00f4ng gian \u0111\u1eb9p&#8217;.<\/h2>\n<ul class=\"case_list\">\n<li><img decoding=\"async\" src=\"https:\/\/asahi-furniture.com.vn\/wp-content\/themes\/AM_Sofa\/images\/case_img07.jpg\" alt=\"'Limited dura - Sofa \u0111\u1eb9p'. 'Kh\u00f4ng gian \u0111\u1eb9p'.\"><\/li>\n<li><img decoding=\"async\" src=\"https:\/\/asahi-furniture.com.vn\/wp-content\/themes\/AM_Sofa\/images\/case_img08.jpg\" alt=\"'Limited dura - Sofa \u0111\u1eb9p'. 'Kh\u00f4ng gian \u0111\u1eb9p'.\"><\/li>\n<li class=\"case_txt\">B\u1ed9 Sofa da sang tr\u1ecdng t\u1ea1o n\u00ean m\u1ed9t kh\u00f4ng gian \u0111\u1eb3ng c\u1ea5p.<\/li>\n<li><img decoding=\"async\" src=\"https:\/\/asahi-furniture.com.vn\/wp-content\/themes\/AM_Sofa\/images\/case_img09.jpg\" alt=\"'Limited dura - Sofa \u0111\u1eb9p'. 'Kh\u00f4ng gian \u0111\u1eb9p'.\"><\/li>\n<\/ul>\n<\/div>\n<\/div>\n<p><\/p>","protected":false},"excerpt":{"rendered":"<p>M\u1ed9t quang c\u1ea3nh s\u1ed1ng \u0111\u1ed9ng \u0111\u01b0\u1ee3c t\u1ea1o n\u00ean b\u1edfi BRIDGE M\u1ed9t cu\u1ed9c s\u1ed1ng h\u00e0ng ng\u00e0y b\u00ecnh l\u1eb7ng v\u1edbi thi\u00ean nhi\u00ean. M\u1ed9t ng\u00e0y tho\u1ea3i m\u00e1i \u0111\u01b0\u1ee3c bao quanh b\u1edfi nh\u1eefng \u0111i\u1ec1u m\u00e0 b\u1ea1n y\u00eau th\u00edch. T\u1eadn h\u01b0\u1edfng cu\u1ed9c s\u1ed1ng phong ph\u00fa v\u1edbi c\u00e1c s\u1ea3n ph\u1ea9m n\u1ed9i th\u1ea5t BRIDGE. S\u1ed1ng c\u00f9ng v\u1edbi ELEGANCE ! \u0110\u1eb9p v\u00e0 Nh\u1eb9. [&hellip;]<\/p>\n","protected":false},"author":1,"featured_media":0,"parent":0,"menu_order":0,"comment_status":"closed","ping_status":"closed","template":"","meta":{"footnotes":""},"class_list":["post-16","page","type-page","status-publish","hentry"],"_links":{"self":[{"href":"https:\/\/asahi-furniture.com.vn\/vi\/wp-json\/wp\/v2\/pages\/16","targetHints":{"allow":["GET"]}}],"collection":[{"href":"https:\/\/asahi-furniture.com.vn\/vi\/wp-json\/wp\/v2\/pages"}],"about":[{"href":"https:\/\/asahi-furniture.com.vn\/vi\/wp-json\/wp\/v2\/types\/page"}],"author":[{"embeddable":true,"href":"https:\/\/asahi-furniture.com.vn\/vi\/wp-json\/wp\/v2\/users\/1"}],"replies":[{"embeddable":true,"href":"https:\/\/asahi-furniture.com.vn\/vi\/wp-json\/wp\/v2\/comments?post=16"}],"version-history":[{"count":14,"href":"https:\/\/asahi-furniture.com.vn\/vi\/wp-json\/wp\/v2\/pages\/16\/revisions"}],"predecessor-version":[{"id":202,"href":"https:\/\/asahi-furniture.com.vn\/vi\/wp-json\/wp\/v2\/pages\/16\/revisions\/202"}],"wp:attachment":[{"href":"https:\/\/asahi-furniture.com.vn\/vi\/wp-json\/wp\/v2\/media?parent=16"}],"curies":[{"name":"wp","href":"https:\/\/api.w.org\/{rel}","templated":true}]}}